{"id":423,"date":"2018-08-01T11:15:53","date_gmt":"2018-08-01T14:15:53","guid":{"rendered":"http:\/\/apassaojoao.com.br\/online\/?page_id=423"},"modified":"2024-11-13T09:10:03","modified_gmt":"2024-11-13T12:10:03","slug":"login-para-votacao","status":"publish","type":"page","link":"https:\/\/apassaojoao.com.br\/online\/login-para-votacao\/","title":{"rendered":"Login para Vota\u00e7\u00e3o"},"content":{"rendered":"<p>[vc_row][vc_column][vc_custom_heading text=&#8221;ATEN\u00c7\u00c3O! Seus dados de acesso s\u00e3o exclusivos!&#8221; font_container=&#8221;tag:h3|text_align:center&#8221; google_fonts=&#8221;font_family:Arimo%3Aregular%2Citalic%2C700%2C700italic|font_style:400%20regular%3A400%3Anormal&#8221;][\/vc_column][\/vc_row][vc_row][vc_column][vc_column_text]<br \/>\n\n<div class=\"cleanlogin-container\">\t\t\n\n\t<form class=\"cleanlogin-form\" method=\"post\" action=\"https:\/\/apassaojoao.com.br\/online\/login-para-votacao\/\" onsubmit=\"submit.disabled = true; return true;\">\n\t\t\t\n\t\t<fieldset>\n\n\t\t\t\t\t\t<div class=\"cleanlogin-field\">\n                <label for=\"log\">Nome de usu\u00e1rio<\/label>\n\t\t\t\t<input class=\"cleanlogin-field-username\" type=\"text\" name=\"log\" placeholder=\"Nome de usu\u00e1rio\" aria-label=\"Nome de usu\u00e1rio\">\n\t\t\t<\/div>\n\t\t\t\n\t\t\t<div class=\"cleanlogin-field\">\n                <label for=\"pwd\">Senha<\/label>\n\t\t\t\t<input class=\"cleanlogin-field-password\" type=\"password\" id=\"pwd\" name=\"pwd\" placeholder=\"Senha\" aria-label=\"Senha\">\n                <i class=\"bi bi-eye-slash\" id=\"togglePassword\"><\/i>\n\t\t\t<\/div>\n\n\t\t\t\t\t\n\t\t\t<input type=\"hidden\" name=\"clean_login_wpnonce\" value=\"75cb2070a6\">\n            \n\t\t\t\t\t<\/fieldset>\n\t\t\n\t\t<fieldset>\n\t\t\t<input class=\"cleanlogin-field\" type=\"submit\" value=\"Login\" name=\"submit\">\n\t\t\t<input type=\"hidden\" name=\"action\" value=\"login\">\n\t\t\t\n\t\t\t<div class=\"cleanlogin-field cleanlogin-field-remember\">\n\t\t\t\t<input type=\"checkbox\" id=\"rememberme\" name=\"rememberme\" value=\"forever\">\n\t\t\t\t<label for=\"rememberme\">Permanecer logado<\/label>\n\t\t\t<\/div>\n\t\t<\/fieldset>\n\n\t\t\n\t\t<div class=\"cleanlogin-form-bottom\">\n\t\t\t\n            \n\t\t\t\t\t\t\t\t\t\n\t\t<\/div>\n\t\t\n\t<\/form>\n\n<\/div>\n\n<script>\nconst togglePassword = document.querySelector('#togglePassword');\nconst password = document.querySelector('#pwd');\n\ntogglePassword.addEventListener('click', function (e) {\n    const type = password.getAttribute('type') === 'password' ? 'text' : 'password';\n    password.setAttribute('type', type);\n    this.classList.toggle('bi-eye');\n});\n<\/script>[\/vc_column_text][\/vc_column][vc_column][vc_column_text]<\/p>\n<h4 style=\"text-align: center;\"><a href=\"https:\/\/apassaojoao.com.br\/online\/login-para-votacao\/?action=logout\">AP\u00d3S APLICAR SEU VOTO, CLIQUE AQUI PARA SAIR.<\/a><\/h4>\n<p>[\/vc_column_text][\/vc_column][\/vc_row]<\/p>\n","protected":false},"excerpt":{"rendered":"<p>[vc_row][vc_column][vc_custom_heading text=&#8221;ATEN\u00c7\u00c3O! Seus dados de acesso s\u00e3o exclusivos!&#8221; font_container=&#8221;tag:h3|text_align:center&#8221; google_fonts=&#8221;font_family:Arimo%3Aregular%2Citalic%2C700%2C700italic|font_style:400%20regular%3A400%3Anormal&#8221;][\/vc_column][\/vc_row][vc_row][vc_column][vc_column_text] [\/vc_column_text][\/vc_column][vc_column][vc_column_text] AP\u00d3S APLICAR SEU VOTO, CLIQUE AQUI PARA SAIR. [\/vc_column_text][\/vc_column][\/vc_row]<\/p>\n","protected":false},"author":1,"featured_media":0,"parent":0,"menu_order":0,"comment_status":"closed","ping_status":"closed","template":"","meta":{"_exactmetrics_skip_tracking":false,"_exactmetrics_sitenote_active":false,"_exactmetrics_sitenote_note":"","_exactmetrics_sitenote_category":0},"_links":{"self":[{"href":"https:\/\/apassaojoao.com.br\/online\/wp-json\/wp\/v2\/pages\/423"}],"collection":[{"href":"https:\/\/apassaojoao.com.br\/online\/wp-json\/wp\/v2\/pages"}],"about":[{"href":"https:\/\/apassaojoao.com.br\/online\/wp-json\/wp\/v2\/types\/page"}],"author":[{"embeddable":true,"href":"https:\/\/apassaojoao.com.br\/online\/wp-json\/wp\/v2\/users\/1"}],"replies":[{"embeddable":true,"href":"https:\/\/apassaojoao.com.br\/online\/wp-json\/wp\/v2\/comments?post=423"}],"version-history":[{"count":0,"href":"https:\/\/apassaojoao.com.br\/online\/wp-json\/wp\/v2\/pages\/423\/revisions"}],"wp:attachment":[{"href":"https:\/\/apassaojoao.com.br\/online\/wp-json\/wp\/v2\/media?parent=423"}],"curies":[{"name":"wp","href":"https:\/\/api.w.org\/{rel}","templated":true}]}}