{"id":390,"date":"2018-07-30T08:47:05","date_gmt":"2018-07-30T11:47:05","guid":{"rendered":"http:\/\/apassaojoao.com.br\/online\/?page_id=390"},"modified":"2022-12-06T11:40:53","modified_gmt":"2022-12-06T13:40:53","slug":"pagina-pre-votacao","status":"publish","type":"page","link":"https:\/\/apassaojoao.com.br\/online\/pagina-pre-votacao\/","title":{"rendered":"Pagina Pr\u00e9-Vota\u00e7\u00e3o"},"content":{"rendered":"<p>[vc_row][vc_column][vc_empty_space height=&#8221;50px&#8221;][vc_column_text]<\/p>\n<h3 style=\"text-align: center;\"><\/h3>\n<h3 style=\"text-align: center;\">Para acessar voc\u00ea precisa estar cadastrado<\/h3>\n<p style=\"text-align: center;\"><a href=\"http:\/\/apassaojoao.com.br\/online\/register\/login-para-votacao\/\">LOGIN\/VOTAR\u00a0<\/a><\/p>\n<p>[\/vc_column_text][vc_empty_space height=&#8221;50px&#8221;][\/vc_column][\/vc_row]<\/p>\n","protected":false},"excerpt":{"rendered":"<p>[vc_row][vc_column][vc_empty_space height=&#8221;50px&#8221;][vc_column_text] Para acessar voc\u00ea precisa estar cadastrado LOGIN\/VOTAR\u00a0 [\/vc_column_text][vc_empty_space height=&#8221;50px&#8221;][\/vc_column][\/vc_row]<\/p>\n","protected":false},"author":1,"featured_media":0,"parent":0,"menu_order":0,"comment_status":"closed","ping_status":"closed","template":"","meta":{"_exactmetrics_skip_tracking":false,"_exactmetrics_sitenote_active":false,"_exactmetrics_sitenote_note":"","_exactmetrics_sitenote_category":0},"_links":{"self":[{"href":"https:\/\/apassaojoao.com.br\/online\/wp-json\/wp\/v2\/pages\/390"}],"collection":[{"href":"https:\/\/apassaojoao.com.br\/online\/wp-json\/wp\/v2\/pages"}],"about":[{"href":"https:\/\/apassaojoao.com.br\/online\/wp-json\/wp\/v2\/types\/page"}],"author":[{"embeddable":true,"href":"https:\/\/apassaojoao.com.br\/online\/wp-json\/wp\/v2\/users\/1"}],"replies":[{"embeddable":true,"href":"https:\/\/apassaojoao.com.br\/online\/wp-json\/wp\/v2\/comments?post=390"}],"version-history":[{"count":0,"href":"https:\/\/apassaojoao.com.br\/online\/wp-json\/wp\/v2\/pages\/390\/revisions"}],"wp:attachment":[{"href":"https:\/\/apassaojoao.com.br\/online\/wp-json\/wp\/v2\/media?parent=390"}],"curies":[{"name":"wp","href":"https:\/\/api.w.org\/{rel}","templated":true}]}}