{"id":2754,"date":"2022-01-12T15:54:02","date_gmt":"2022-01-12T17:54:02","guid":{"rendered":"https:\/\/apassaojoao.com.br\/online\/?page_id=2754"},"modified":"2022-01-12T16:38:42","modified_gmt":"2022-01-12T18:38:42","slug":"contato-dpo","status":"publish","type":"page","link":"https:\/\/apassaojoao.com.br\/online\/contato-dpo\/","title":{"rendered":"Contato DPO"},"content":{"rendered":"<h3>Fale com o DPO<\/h3>\n<p>Fale com o Encarregado de Prote\u00e7\u00e3o de Dados Pessoais (DPO)<\/p>\n<p>Os dados colhidos atrav\u00e9s desse formul\u00e1rio ser\u00e3o tratados de acordo com a Lei n\u00ba 13.709\/2018 (Lei Geral de Prote\u00e7\u00e3o de Dados) e ser\u00e3o encaminhados diretamente ao Encarregado de prote\u00e7\u00e3o de dados pessoais.<\/p>\n<div role=\"form\" class=\"wpcf7\" id=\"wpcf7-f2753-o1\" lang=\"pt-BR\" dir=\"ltr\">\n<div class=\"screen-reader-response\"><\/div>\n<form action=\"\/online\/wp-json\/wp\/v2\/pages\/2754#wpcf7-f2753-o1\" method=\"post\" class=\"wpcf7-form cf7mls-no-scroll cf7mls-no-moving-animation\" novalidate=\"novalidate\">\n<div style=\"display: none;\">\n<input type=\"hidden\" name=\"_wpcf7\" value=\"2753\" \/>\n<input type=\"hidden\" name=\"_wpcf7_version\" value=\"5.1.7\" \/>\n<input type=\"hidden\" name=\"_wpcf7_locale\" value=\"pt_BR\" \/>\n<input type=\"hidden\" name=\"_wpcf7_unit_tag\" value=\"wpcf7-f2753-o1\" \/>\n<input type=\"hidden\" name=\"_wpcf7_container_post\" value=\"0\" \/>\n<\/div>\n<p><label> Seu nome (obrigat\u00f3rio)<br \/>\n    <span class=\"wpcf7-form-control-wrap your-name\"><input type=\"text\" name=\"your-name\" value=\"\" size=\"40\" class=\"wpcf7-form-control wpcf7-text wpcf7-validates-as-required\" aria-required=\"true\" aria-invalid=\"false\" \/><\/span> <\/label><\/p>\n<p><label> Seu Telefone<br \/>\n    <span class=\"wpcf7-form-control-wrap your-telefone\"><input type=\"text\" name=\"your-telefone\" value=\"\" size=\"40\" class=\"wpcf7-form-control wpcf7-text\" aria-invalid=\"false\" \/><\/span> <\/label><\/p>\n<p><label> Seu e-mail<br \/>\n    <span class=\"wpcf7-form-control-wrap your-email\"><input type=\"email\" name=\"your-email\" value=\"\" size=\"40\" class=\"wpcf7-form-control wpcf7-text wpcf7-email wpcf7-validates-as-email\" aria-invalid=\"false\" \/><\/span> <\/label><\/p>\n<p><label> Quem esta solicitando as informa\u00e7\u00f5es?<br \/>\n<span class=\"wpcf7-form-control-wrap solicita\"><span class=\"wpcf7-form-control wpcf7-checkbox wpcf7-exclusive-checkbox\"><span class=\"wpcf7-list-item first\"><input type=\"checkbox\" name=\"solicita\" value=\"Titular dos dados\" \/><span class=\"wpcf7-list-item-label\">Titular dos dados<\/span><\/span><span class=\"wpcf7-list-item\"><input type=\"checkbox\" name=\"solicita\" value=\"Tutor\/Respons\u00e1vel legal\" \/><span class=\"wpcf7-list-item-label\">Tutor\/Respons\u00e1vel legal<\/span><\/span><span class=\"wpcf7-list-item last\"><input type=\"checkbox\" name=\"solicita\" value=\"Representante legal\" \/><span class=\"wpcf7-list-item-label\">Representante legal<\/span><\/span><\/span><\/span><br \/>\n <\/label><\/p>\n<p><label> Qual solicita\u00e7\u00e3o voc\u00ea gostaria de registrar?<br \/>\n<span class=\"wpcf7-form-control-wrap menu-solicitacao\"><select name=\"menu-solicitacao\" class=\"wpcf7-form-control wpcf7-select\" aria-invalid=\"false\"><option value=\"Confirmar a exist\u00eancia do tratamento de dados pessoais\">Confirmar a exist\u00eancia do tratamento de dados pessoais<\/option><option value=\"Denunciar caso de vazamento de dados pessoais\">Denunciar caso de vazamento de dados pessoais<\/option><option value=\"Pedir inform\u00e7\u00f5es sobre tratamento de seus dados pessoais\">Pedir inform\u00e7\u00f5es sobre tratamento de seus dados pessoais<\/option><option value=\"Realizar uma declama\u00e7\u00e3o\">Realizar uma declama\u00e7\u00e3o<\/option><option value=\"Revogar consentimento de tratamento de dados pessoais\">Revogar consentimento de tratamento de dados pessoais<\/option><option value=\"Solicitar acesso aos dados pessoais tratados\">Solicitar acesso aos dados pessoais tratados<\/option><option value=\"Solicitar anonimiza\u00e7\u00e3o, bloqueio ou elimina\u00e7\u00e3o de dados pessoais\">Solicitar anonimiza\u00e7\u00e3o, bloqueio ou elimina\u00e7\u00e3o de dados pessoais<\/option><option value=\"Soliclitar corre\u00e7\u00e3o de dados pessoais\">Soliclitar corre\u00e7\u00e3o de dados pessoais<\/option><option value=\"Solicitar inform\u00e7\u00f5es sobre o compartilhamento de dados pessoais\">Solicitar inform\u00e7\u00f5es sobre o compartilhamento de dados pessoais<\/option><option value=\"Outros\">Outros<\/option><\/select><\/span><br \/>\n <\/label><\/p>\n<p><label> Escreva abaixo a situa\u00e7\u00e3o para podermos avaliar:<br \/>\n     <span class=\"wpcf7-form-control-wrap textarea-699\"><textarea name=\"textarea-699\" cols=\"40\" rows=\"10\" class=\"wpcf7-form-control wpcf7-textarea\" aria-invalid=\"false\"><\/textarea><\/span><\/label><\/p>\n<p><label> Como deseja receber o retorno?<br \/>\n    <span class=\"wpcf7-form-control-wrap retorno\"><span class=\"wpcf7-form-control wpcf7-checkbox wpcf7-exclusive-checkbox\"><span class=\"wpcf7-list-item first\"><input type=\"checkbox\" name=\"retorno\" value=\"E-mali\" \/><span class=\"wpcf7-list-item-label\">E-mali<\/span><\/span><span class=\"wpcf7-list-item last\"><input type=\"checkbox\" name=\"retorno\" value=\"Telefone\" \/><span class=\"wpcf7-list-item-label\">Telefone<\/span><\/span><\/span><\/span> <\/label><\/p>\n<p><label> Aceite (obrigat\u00f3rio)<br \/>\n<span class=\"wpcf7-form-control-wrap aceite\"><span class=\"wpcf7-form-control wpcf7-acceptance\"><span class=\"wpcf7-list-item\"><input type=\"checkbox\" name=\"aceite\" value=\"1\" aria-invalid=\"false\" \/><\/span><\/span><\/span> Compreendi que os dados aqui informados ser\u00e3o utilizados exclusivamente pelo encarregado de prote\u00e7\u00e3o de dados pessoais da APAS S\u00e3o Jo\u00e3o da Boa Vista para o tratamento desta minha manifesta\u00e7\u00e3o.<\/label><\/p>\n<p><input type=\"submit\" value=\"Enviar\" class=\"wpcf7-form-control wpcf7-submit\" \/><br \/>\n<br\/><br \/>\n<br\/><\/p>\n<input type='hidden' class='wpcf7-pum' value='{\"closepopup\":false,\"closedelay\":0,\"openpopup\":false,\"openpopup_id\":0}' \/><div class=\"wpcf7-response-output wpcf7-display-none\"><\/div><\/form><\/div>\n","protected":false},"excerpt":{"rendered":"<p>Fale com o DPO Fale com o Encarregado de Prote\u00e7\u00e3o de Dados Pessoais (DPO) Os dados colhidos atrav\u00e9s desse formul\u00e1rio ser\u00e3o tratados de acordo com a<span class=\"excerpt-hellip\"> [\u2026]<\/span><\/p>\n","protected":false},"author":1,"featured_media":0,"parent":0,"menu_order":0,"comment_status":"closed","ping_status":"closed","template":"","meta":{"_exactmetrics_skip_tracking":false,"_exactmetrics_sitenote_active":false,"_exactmetrics_sitenote_note":"","_exactmetrics_sitenote_category":0},"_links":{"self":[{"href":"https:\/\/apassaojoao.com.br\/online\/wp-json\/wp\/v2\/pages\/2754"}],"collection":[{"href":"https:\/\/apassaojoao.com.br\/online\/wp-json\/wp\/v2\/pages"}],"about":[{"href":"https:\/\/apassaojoao.com.br\/online\/wp-json\/wp\/v2\/types\/page"}],"author":[{"embeddable":true,"href":"https:\/\/apassaojoao.com.br\/online\/wp-json\/wp\/v2\/users\/1"}],"replies":[{"embeddable":true,"href":"https:\/\/apassaojoao.com.br\/online\/wp-json\/wp\/v2\/comments?post=2754"}],"version-history":[{"count":0,"href":"https:\/\/apassaojoao.com.br\/online\/wp-json\/wp\/v2\/pages\/2754\/revisions"}],"wp:attachment":[{"href":"https:\/\/apassaojoao.com.br\/online\/wp-json\/wp\/v2\/media?parent=2754"}],"curies":[{"name":"wp","href":"https:\/\/api.w.org\/{rel}","templated":true}]}}